{"id":285,"date":"2023-12-11T14:32:17","date_gmt":"2023-12-11T13:32:17","guid":{"rendered":"http:\/\/fesztivalonkentes.hu\/a-fesztival-onkentessegrol\/"},"modified":"2024-06-17T14:45:16","modified_gmt":"2024-06-17T12:45:16","slug":"a-fesztival-onkentessegrol","status":"publish","type":"page","link":"https:\/\/fesztivalonkentes.hu\/en\/a-fesztival-onkentessegrol\/","title":{"rendered":"About Festival Volunteers"},"content":{"rendered":"<h3 id=\"apr\u00f3-bet\u0171s-r\u00e9sz\" style=\"color: #e73161;\">DISCLAIMER:<\/h3>\n<p>At most of our events, we employ volunteers over the age of 18, but due to great enthusiasm, we\u2019ve also sought events where individuals aged 16 and above can participate. These include the following: <strong>Gourmet Fesztiv\u00e1l<\/strong>, <strong>Gyerek Sziget<\/strong>, <strong>EFOTT<\/strong>, as well as arena concerts held at the <strong>Pusk\u00e1s Arena<\/strong> and the<strong> MVM Dome<\/strong>. In case you would like to do your school community service with us, <a style=\"color: #e73161;\" href=\"http:\/\/fesztivalonkentes.hu\/en\/iskolai-kozossegi-szolgalat\/\">click here<\/a>.<\/p>\n<p>Furthermore, it\u2019s important to note that we can only employ those applicants who are citizens of or have residency permits in a member state of the European Economic Area. (EEA = EU + Norway, Liechtenstein, Iceland)<\/p>\n","protected":false},"excerpt":{"rendered":"<p>DISCLAIMER: At most of our events, we employ volunteers over the age of 18, but due to great enthusiasm, we\u2019ve also sought events where individuals aged 16 and above can participate. These include the following: Gourmet Fesztiv\u00e1l, Gyerek Sziget, EFOTT, as well as arena concerts held at the Pusk\u00e1s Arena and the MVM Dome. In&hellip; <a class=\"read-more\" href=\"https:\/\/fesztivalonkentes.hu\/en\/a-fesztival-onkentessegrol\/\" title=\"Read About Festival Volunteers\">Read more &raquo;<\/a><\/p>\n","protected":false},"author":1,"featured_media":0,"parent":0,"menu_order":0,"comment_status":"closed","ping_status":"closed","template":"page-fesztivalonkentessegrol.php","meta":{"footnotes":""},"class_list":["post-285","page","type-page","status-publish","hentry"],"acf":[],"_links":{"self":[{"href":"https:\/\/fesztivalonkentes.hu\/en\/wp-json\/wp\/v2\/pages\/285","targetHints":{"allow":["GET"]}}],"collection":[{"href":"https:\/\/fesztivalonkentes.hu\/en\/wp-json\/wp\/v2\/pages"}],"about":[{"href":"https:\/\/fesztivalonkentes.hu\/en\/wp-json\/wp\/v2\/types\/page"}],"author":[{"embeddable":true,"href":"https:\/\/fesztivalonkentes.hu\/en\/wp-json\/wp\/v2\/users\/1"}],"replies":[{"embeddable":true,"href":"https:\/\/fesztivalonkentes.hu\/en\/wp-json\/wp\/v2\/comments?post=285"}],"version-history":[{"count":0,"href":"https:\/\/fesztivalonkentes.hu\/en\/wp-json\/wp\/v2\/pages\/285\/revisions"}],"wp:attachment":[{"href":"https:\/\/fesztivalonkentes.hu\/en\/wp-json\/wp\/v2\/media?parent=285"}],"curies":[{"name":"wp","href":"https:\/\/api.w.org\/{rel}","templated":true}]}}