{"id":281,"date":"2024-03-20T15:02:06","date_gmt":"2024-03-20T14:02:06","guid":{"rendered":"http:\/\/fesztivalonkentes.hu\/impresszum\/"},"modified":"2024-06-12T16:10:33","modified_gmt":"2024-06-12T14:10:33","slug":"impresszum","status":"publish","type":"page","link":"https:\/\/fesztivalonkentes.hu\/en\/impresszum\/","title":{"rendered":"Impressum"},"content":{"rendered":"<p>Company name: Fesztiv\u00e1l \u00d6nk\u00e9ntes K\u00f6zpont Nonprofit Kft.<br \/>\nCompany address: 1084 Budapest, Bacs\u00f3 B\u00e9la u. 6. 2\/20.<br \/>\nTelephone: 06-20-511-0776<br \/>\nEmail: <a style=\"color: #e73161;\" href=\"mailto:info@fesztivalonkentes.hu\" target=\"_blank\" rel=\"noopener\">info@fesztivalonkentes.hu<\/a><br \/>\nInternet: <a style=\"color: #e73161;\" href=\"http:\/\/www.fesztivalonkentes.hu\" target=\"_blank\" rel=\"noopener\">www.fesztivalonkentes.hu<\/a><br \/>\nThe registering authority of the company: F\u0151v\u00e1rosi T\u00f6rv\u00e9nysz\u00e9k C\u00e9gb\u00edr\u00f3s\u00e1g<br \/>\nCompany registration number: 01 09 921738<br \/>\nCompany tax number: 20306425-2-42<br \/>\nChamber: Budapesti Kereskedelmi \u00e9s Iparkamara<br \/>\nHosting service provider: Dotroll Kft. <a style=\"color: #e73161;\" href=\"http:\/\/www.dotroll.com\/\" target=\"_blank\" rel=\"noopener\">http:\/\/www.dotroll.com\/<\/a><\/p>\n","protected":false},"excerpt":{"rendered":"<p>Company name: Fesztiv\u00e1l \u00d6nk\u00e9ntes K\u00f6zpont Nonprofit Kft. Company address: 1084 Budapest, Bacs\u00f3 B\u00e9la u. 6. 2\/20. Telephone: 06-20-511-0776 Email: info@fesztivalonkentes.hu Internet: www.fesztivalonkentes.hu The registering authority of the company: F\u0151v\u00e1rosi T\u00f6rv\u00e9nysz\u00e9k C\u00e9gb\u00edr\u00f3s\u00e1g Company registration number: 01 09 921738 Company tax number: 20306425-2-42 Chamber: Budapesti Kereskedelmi \u00e9s Iparkamara Hosting service provider: Dotroll Kft. http:\/\/www.dotroll.com\/<\/p>\n","protected":false},"author":1,"featured_media":0,"parent":0,"menu_order":0,"comment_status":"closed","ping_status":"closed","template":"","meta":{"footnotes":""},"class_list":["post-281","page","type-page","status-publish","hentry"],"acf":[],"_links":{"self":[{"href":"https:\/\/fesztivalonkentes.hu\/en\/wp-json\/wp\/v2\/pages\/281","targetHints":{"allow":["GET"]}}],"collection":[{"href":"https:\/\/fesztivalonkentes.hu\/en\/wp-json\/wp\/v2\/pages"}],"about":[{"href":"https:\/\/fesztivalonkentes.hu\/en\/wp-json\/wp\/v2\/types\/page"}],"author":[{"embeddable":true,"href":"https:\/\/fesztivalonkentes.hu\/en\/wp-json\/wp\/v2\/users\/1"}],"replies":[{"embeddable":true,"href":"https:\/\/fesztivalonkentes.hu\/en\/wp-json\/wp\/v2\/comments?post=281"}],"version-history":[{"count":0,"href":"https:\/\/fesztivalonkentes.hu\/en\/wp-json\/wp\/v2\/pages\/281\/revisions"}],"wp:attachment":[{"href":"https:\/\/fesztivalonkentes.hu\/en\/wp-json\/wp\/v2\/media?parent=281"}],"curies":[{"name":"wp","href":"https:\/\/api.w.org\/{rel}","templated":true}]}}